{"id":36786,"date":"2021-05-04T15:17:16","date_gmt":"2021-05-04T15:17:16","guid":{"rendered":"https:\/\/scarbroughglobal.com\/acerca-de\/empleo\/"},"modified":"2026-04-13T15:53:50","modified_gmt":"2026-04-13T15:53:50","slug":"empleo","status":"publish","type":"page","link":"https:\/\/scarbroughglobal.com\/es\/acerca-de\/empleo\/","title":{"rendered":"Empleo"},"content":{"rendered":"<p>Empleo &#8211; <a href=\"https:\/\/scarbroughglobal.com\/\">Scarbrough Global<\/a> ha construido su base para el \u00e9xito empleado a empleado. Nuestros empleados aportan sus talentos y perspectivas \u00fanicos a un equipo din\u00e1mico de profesionales de la cadena de suministro. Scarbrough se enorgullece de construir relaciones s\u00f3lidas, ofrecer beneficios competitivos y fomentar el crecimiento profesional.  <\/p>\n<p><a class=\"btn btn-slant btn-primary\" href=\"https:\/\/www.paycomonline.net\/v4\/ats\/web.php\/jobs?clientkey=03AEA5AC0B2CA9C7363321C23DA18AB5&amp;fromClientSide=true\" target=\"_blank\" rel=\"noopener\">Puestos vacantes<\/a><\/p>\n","protected":false},"excerpt":{"rendered":"<p>Empleo &#8211; Scarbrough Global ha construido su base para el \u00e9xito empleado a empleado. Nuestros empleados aportan sus talentos y&#8230; <a href=\"https:\/\/scarbroughglobal.com\/es\/acerca-de\/empleo\/\">Read More<\/a><\/p>\n","protected":false},"author":16,"featured_media":0,"parent":36700,"menu_order":0,"comment_status":"closed","ping_status":"closed","template":"","meta":{"_acf_changed":false,"content-type":"","inline_featured_image":false,"_price":"","_stock":"","_tribe_ticket_header":"","_tribe_default_ticket_provider":"","_tribe_ticket_capacity":"","_ticket_start_date":"","_ticket_end_date":"","_tribe_ticket_show_description":"","_tribe_ticket_show_not_going":false,"_tribe_ticket_use_global_stock":"","_tribe_ticket_global_stock_level":"","_global_stock_mode":"","_global_stock_cap":"","_tribe_rsvp_for_event":"","_tribe_ticket_going_count":"","_tribe_ticket_not_going_count":"","_tribe_tickets_list":"[]","_tribe_ticket_has_attendee_info_fields":false,"_themeisle_gutenberg_block_has_review":false,"footnotes":""},"class_list":["post-36786","page","type-page","status-publish","hentry"],"acf":[],"yoast_head":"<!-- This site is optimized with the Yoast SEO plugin v27.4 - https:\/\/yoast.com\/product\/yoast-seo-wordpress\/ -->\n<title>Empleo - Scarbrough Global - \u00danase a nuestro equipo.<\/title>\n<meta name=\"description\" content=\"Empleo - Scarbrough Global ha construido su base para el \u00e9xito empleado a empleado. Cont\u00e1ctenos hoy para obtener m\u00e1s informaci\u00f3n.\" \/>\n<meta name=\"robots\" content=\"index, follow, max-snippet:-1, max-image-preview:large, max-video-preview:-1\" \/>\n<link rel=\"canonical\" href=\"https:\/\/scarbroughglobal.com\/es\/acerca-de\/empleo\/\" \/>\n<meta property=\"og:locale\" content=\"es_ES\" \/>\n<meta property=\"og:type\" content=\"article\" \/>\n<meta property=\"og:title\" content=\"Empleo - Scarbrough Global - \u00danase a nuestro equipo.\" \/>\n<meta property=\"og:description\" content=\"Empleo - Scarbrough Global ha construido su base para el \u00e9xito empleado a empleado. Cont\u00e1ctenos hoy para obtener m\u00e1s informaci\u00f3n.\" \/>\n<meta property=\"og:url\" content=\"https:\/\/scarbroughglobal.com\/es\/acerca-de\/empleo\/\" \/>\n<meta property=\"og:site_name\" content=\"Scarbrough Global\" \/>\n<meta property=\"article:modified_time\" content=\"2026-04-13T15:53:50+00:00\" \/>\n<meta name=\"twitter:card\" content=\"summary_large_image\" \/>\n<script type=\"application\/ld+json\" class=\"yoast-schema-graph\">{\"@context\":\"https:\\\/\\\/schema.org\",\"@graph\":[{\"@type\":\"WebPage\",\"@id\":\"https:\\\/\\\/scarbroughglobal.com\\\/es\\\/acerca-de\\\/empleo\\\/\",\"url\":\"https:\\\/\\\/scarbroughglobal.com\\\/es\\\/acerca-de\\\/empleo\\\/\",\"name\":\"Empleo - Scarbrough Global - \u00danase a nuestro equipo.\",\"isPartOf\":{\"@id\":\"https:\\\/\\\/scarbroughglobal.com\\\/es\\\/#website\"},\"datePublished\":\"2021-05-04T15:17:16+00:00\",\"dateModified\":\"2026-04-13T15:53:50+00:00\",\"description\":\"Empleo - Scarbrough Global ha construido su base para el \u00e9xito empleado a empleado. Cont\u00e1ctenos hoy para obtener m\u00e1s informaci\u00f3n.\",\"breadcrumb\":{\"@id\":\"https:\\\/\\\/scarbroughglobal.com\\\/es\\\/acerca-de\\\/empleo\\\/#breadcrumb\"},\"inLanguage\":\"es\",\"potentialAction\":[{\"@type\":\"ReadAction\",\"target\":[\"https:\\\/\\\/scarbroughglobal.com\\\/es\\\/acerca-de\\\/empleo\\\/\"]}]},{\"@type\":\"BreadcrumbList\",\"@id\":\"https:\\\/\\\/scarbroughglobal.com\\\/es\\\/acerca-de\\\/empleo\\\/#breadcrumb\",\"itemListElement\":[{\"@type\":\"ListItem\",\"position\":1,\"name\":\"Home\",\"item\":\"https:\\\/\\\/scarbroughglobal.com\\\/es\\\/inicio\\\/\"},{\"@type\":\"ListItem\",\"position\":2,\"name\":\"Acerca de\",\"item\":\"https:\\\/\\\/scarbroughglobal.com\\\/es\\\/acerca-de\\\/\"},{\"@type\":\"ListItem\",\"position\":3,\"name\":\"Empleo\"}]},{\"@type\":\"WebSite\",\"@id\":\"https:\\\/\\\/scarbroughglobal.com\\\/es\\\/#website\",\"url\":\"https:\\\/\\\/scarbroughglobal.com\\\/es\\\/\",\"name\":\"Scarbrough Global\",\"description\":\"\",\"publisher\":{\"@id\":\"https:\\\/\\\/scarbroughglobal.com\\\/es\\\/#organization\"},\"potentialAction\":[{\"@type\":\"SearchAction\",\"target\":{\"@type\":\"EntryPoint\",\"urlTemplate\":\"https:\\\/\\\/scarbroughglobal.com\\\/es\\\/?s={search_term_string}\"},\"query-input\":{\"@type\":\"PropertyValueSpecification\",\"valueRequired\":true,\"valueName\":\"search_term_string\"}}],\"inLanguage\":\"es\"},{\"@type\":\"Organization\",\"@id\":\"https:\\\/\\\/scarbroughglobal.com\\\/es\\\/#organization\",\"name\":\"Scarbrough Global\",\"url\":\"https:\\\/\\\/scarbroughglobal.com\\\/es\\\/\",\"logo\":{\"@type\":\"ImageObject\",\"inLanguage\":\"es\",\"@id\":\"https:\\\/\\\/scarbroughglobal.com\\\/es\\\/#\\\/schema\\\/logo\\\/image\\\/\",\"url\":\"https:\\\/\\\/scarbroughglobal.com\\\/wp-content\\\/uploads\\\/2021\\\/03\\\/Scarbrough_primary_color-2048x350-1.png\",\"contentUrl\":\"https:\\\/\\\/scarbroughglobal.com\\\/wp-content\\\/uploads\\\/2021\\\/03\\\/Scarbrough_primary_color-2048x350-1.png\",\"width\":2048,\"height\":350,\"caption\":\"Scarbrough Global\"},\"image\":{\"@id\":\"https:\\\/\\\/scarbroughglobal.com\\\/es\\\/#\\\/schema\\\/logo\\\/image\\\/\"}}]}<\/script>\n<!-- \/ Yoast SEO plugin. -->","yoast_head_json":{"title":"Empleo - Scarbrough Global - \u00danase a nuestro equipo.","description":"Empleo - Scarbrough Global ha construido su base para el \u00e9xito empleado a empleado. Cont\u00e1ctenos hoy para obtener m\u00e1s informaci\u00f3n.","robots":{"index":"index","follow":"follow","max-snippet":"max-snippet:-1","max-image-preview":"max-image-preview:large","max-video-preview":"max-video-preview:-1"},"canonical":"https:\/\/scarbroughglobal.com\/es\/acerca-de\/empleo\/","og_locale":"es_ES","og_type":"article","og_title":"Empleo - Scarbrough Global - \u00danase a nuestro equipo.","og_description":"Empleo - Scarbrough Global ha construido su base para el \u00e9xito empleado a empleado. Cont\u00e1ctenos hoy para obtener m\u00e1s informaci\u00f3n.","og_url":"https:\/\/scarbroughglobal.com\/es\/acerca-de\/empleo\/","og_site_name":"Scarbrough Global","article_modified_time":"2026-04-13T15:53:50+00:00","twitter_card":"summary_large_image","schema":{"@context":"https:\/\/schema.org","@graph":[{"@type":"WebPage","@id":"https:\/\/scarbroughglobal.com\/es\/acerca-de\/empleo\/","url":"https:\/\/scarbroughglobal.com\/es\/acerca-de\/empleo\/","name":"Empleo - Scarbrough Global - \u00danase a nuestro equipo.","isPartOf":{"@id":"https:\/\/scarbroughglobal.com\/es\/#website"},"datePublished":"2021-05-04T15:17:16+00:00","dateModified":"2026-04-13T15:53:50+00:00","description":"Empleo - Scarbrough Global ha construido su base para el \u00e9xito empleado a empleado. Cont\u00e1ctenos hoy para obtener m\u00e1s informaci\u00f3n.","breadcrumb":{"@id":"https:\/\/scarbroughglobal.com\/es\/acerca-de\/empleo\/#breadcrumb"},"inLanguage":"es","potentialAction":[{"@type":"ReadAction","target":["https:\/\/scarbroughglobal.com\/es\/acerca-de\/empleo\/"]}]},{"@type":"BreadcrumbList","@id":"https:\/\/scarbroughglobal.com\/es\/acerca-de\/empleo\/#breadcrumb","itemListElement":[{"@type":"ListItem","position":1,"name":"Home","item":"https:\/\/scarbroughglobal.com\/es\/inicio\/"},{"@type":"ListItem","position":2,"name":"Acerca de","item":"https:\/\/scarbroughglobal.com\/es\/acerca-de\/"},{"@type":"ListItem","position":3,"name":"Empleo"}]},{"@type":"WebSite","@id":"https:\/\/scarbroughglobal.com\/es\/#website","url":"https:\/\/scarbroughglobal.com\/es\/","name":"Scarbrough Global","description":"","publisher":{"@id":"https:\/\/scarbroughglobal.com\/es\/#organization"},"potentialAction":[{"@type":"SearchAction","target":{"@type":"EntryPoint","urlTemplate":"https:\/\/scarbroughglobal.com\/es\/?s={search_term_string}"},"query-input":{"@type":"PropertyValueSpecification","valueRequired":true,"valueName":"search_term_string"}}],"inLanguage":"es"},{"@type":"Organization","@id":"https:\/\/scarbroughglobal.com\/es\/#organization","name":"Scarbrough Global","url":"https:\/\/scarbroughglobal.com\/es\/","logo":{"@type":"ImageObject","inLanguage":"es","@id":"https:\/\/scarbroughglobal.com\/es\/#\/schema\/logo\/image\/","url":"https:\/\/scarbroughglobal.com\/wp-content\/uploads\/2021\/03\/Scarbrough_primary_color-2048x350-1.png","contentUrl":"https:\/\/scarbroughglobal.com\/wp-content\/uploads\/2021\/03\/Scarbrough_primary_color-2048x350-1.png","width":2048,"height":350,"caption":"Scarbrough Global"},"image":{"@id":"https:\/\/scarbroughglobal.com\/es\/#\/schema\/logo\/image\/"}}]}},"_links":{"self":[{"href":"https:\/\/scarbroughglobal.com\/es\/wp-json\/wp\/v2\/pages\/36786","targetHints":{"allow":["GET"]}}],"collection":[{"href":"https:\/\/scarbroughglobal.com\/es\/wp-json\/wp\/v2\/pages"}],"about":[{"href":"https:\/\/scarbroughglobal.com\/es\/wp-json\/wp\/v2\/types\/page"}],"author":[{"embeddable":true,"href":"https:\/\/scarbroughglobal.com\/es\/wp-json\/wp\/v2\/users\/16"}],"replies":[{"embeddable":true,"href":"https:\/\/scarbroughglobal.com\/es\/wp-json\/wp\/v2\/comments?post=36786"}],"version-history":[{"count":1,"href":"https:\/\/scarbroughglobal.com\/es\/wp-json\/wp\/v2\/pages\/36786\/revisions"}],"predecessor-version":[{"id":36788,"href":"https:\/\/scarbroughglobal.com\/es\/wp-json\/wp\/v2\/pages\/36786\/revisions\/36788"}],"up":[{"embeddable":true,"href":"https:\/\/scarbroughglobal.com\/es\/wp-json\/wp\/v2\/pages\/36700"}],"wp:attachment":[{"href":"https:\/\/scarbroughglobal.com\/es\/wp-json\/wp\/v2\/media?parent=36786"}],"curies":[{"name":"wp","href":"https:\/\/api.w.org\/{rel}","templated":true}]}}