{"id":36836,"date":"2021-01-26T16:38:44","date_gmt":"2021-01-26T16:38:44","guid":{"rendered":"https:\/\/scarbroughglobal.com\/recursos\/"},"modified":"2021-01-26T16:38:44","modified_gmt":"2021-01-26T16:38:44","slug":"recursos","status":"publish","type":"page","link":"https:\/\/scarbroughglobal.com\/es\/recursos\/","title":{"rendered":"Recursos"},"content":{"rendered":"<p><a href=\"https:\/\/scarbroughglobal.com\/\">Scarbrough Global<\/a> se enorgullece de proporcionar las herramientas y los conocimientos que nuestros socios necesitan para alcanzar el \u00e9xito. Explore nuestras herramientas de env\u00edo, oportunidades de formaci\u00f3n y otros recursos para equipar su operaci\u00f3n en pro de la eficiencia de la cadena de suministro. <\/p>\n","protected":false},"excerpt":{"rendered":"<p>Scarbrough Global se enorgullece de proporcionar las herramientas y los conocimientos que nuestros socios necesitan para alcanzar el \u00e9xito. Explore&#8230; <a href=\"https:\/\/scarbroughglobal.com\/es\/recursos\/\">Read More<\/a><\/p>\n","protected":false},"author":22,"featured_media":0,"parent":0,"menu_order":0,"comment_status":"closed","ping_status":"closed","template":"","meta":{"_acf_changed":false,"content-type":"","inline_featured_image":false,"_price":"","_stock":"","_tribe_ticket_header":"","_tribe_default_ticket_provider":"","_tribe_ticket_capacity":"","_ticket_start_date":"","_ticket_end_date":"","_tribe_ticket_show_description":"","_tribe_ticket_show_not_going":false,"_tribe_ticket_use_global_stock":"","_tribe_ticket_global_stock_level":"","_global_stock_mode":"","_global_stock_cap":"","_tribe_rsvp_for_event":"","_tribe_ticket_going_count":"","_tribe_ticket_not_going_count":"","_tribe_tickets_list":"[]","_tribe_ticket_has_attendee_info_fields":false,"_themeisle_gutenberg_block_has_review":false,"footnotes":""},"class_list":["post-36836","page","type-page","status-publish","hentry"],"acf":[],"yoast_head":"<!-- This site is optimized with the Yoast SEO plugin v27.4 - https:\/\/yoast.com\/product\/yoast-seo-wordpress\/ -->\n<title>Recursos - Scarbrough Global<\/title>\n<meta name=\"description\" content=\"Explore nuestras herramientas de env\u00edo, oportunidades de formaci\u00f3n y otros recursos para equipar su operaci\u00f3n en pro de la eficiencia de la cadena de suministro.\" \/>\n<meta name=\"robots\" content=\"index, follow, max-snippet:-1, max-image-preview:large, max-video-preview:-1\" \/>\n<link rel=\"canonical\" href=\"https:\/\/scarbroughglobal.com\/es\/recursos\/\" \/>\n<meta property=\"og:locale\" content=\"es_ES\" \/>\n<meta property=\"og:type\" content=\"article\" \/>\n<meta property=\"og:title\" content=\"Recursos - Scarbrough Global\" \/>\n<meta property=\"og:description\" content=\"Explore nuestras herramientas de env\u00edo, oportunidades de formaci\u00f3n y otros recursos para equipar su operaci\u00f3n en pro de la eficiencia de la cadena de suministro.\" \/>\n<meta property=\"og:url\" content=\"https:\/\/scarbroughglobal.com\/es\/recursos\/\" \/>\n<meta property=\"og:site_name\" content=\"Scarbrough Global\" \/>\n<meta name=\"twitter:card\" content=\"summary_large_image\" \/>\n<script type=\"application\/ld+json\" class=\"yoast-schema-graph\">{\"@context\":\"https:\\\/\\\/schema.org\",\"@graph\":[{\"@type\":\"WebPage\",\"@id\":\"https:\\\/\\\/scarbroughglobal.com\\\/es\\\/recursos\\\/\",\"url\":\"https:\\\/\\\/scarbroughglobal.com\\\/es\\\/recursos\\\/\",\"name\":\"Recursos - Scarbrough Global\",\"isPartOf\":{\"@id\":\"https:\\\/\\\/scarbroughglobal.com\\\/es\\\/#website\"},\"datePublished\":\"2021-01-26T16:38:44+00:00\",\"description\":\"Explore nuestras herramientas de env\u00edo, oportunidades de formaci\u00f3n y otros recursos para equipar su operaci\u00f3n en pro de la eficiencia de la cadena de suministro.\",\"breadcrumb\":{\"@id\":\"https:\\\/\\\/scarbroughglobal.com\\\/es\\\/recursos\\\/#breadcrumb\"},\"inLanguage\":\"es\",\"potentialAction\":[{\"@type\":\"ReadAction\",\"target\":[\"https:\\\/\\\/scarbroughglobal.com\\\/es\\\/recursos\\\/\"]}]},{\"@type\":\"BreadcrumbList\",\"@id\":\"https:\\\/\\\/scarbroughglobal.com\\\/es\\\/recursos\\\/#breadcrumb\",\"itemListElement\":[{\"@type\":\"ListItem\",\"position\":1,\"name\":\"Home\",\"item\":\"https:\\\/\\\/scarbroughglobal.com\\\/es\\\/inicio\\\/\"},{\"@type\":\"ListItem\",\"position\":2,\"name\":\"Recursos\"}]},{\"@type\":\"WebSite\",\"@id\":\"https:\\\/\\\/scarbroughglobal.com\\\/es\\\/#website\",\"url\":\"https:\\\/\\\/scarbroughglobal.com\\\/es\\\/\",\"name\":\"Scarbrough Global\",\"description\":\"\",\"publisher\":{\"@id\":\"https:\\\/\\\/scarbroughglobal.com\\\/es\\\/#organization\"},\"potentialAction\":[{\"@type\":\"SearchAction\",\"target\":{\"@type\":\"EntryPoint\",\"urlTemplate\":\"https:\\\/\\\/scarbroughglobal.com\\\/es\\\/?s={search_term_string}\"},\"query-input\":{\"@type\":\"PropertyValueSpecification\",\"valueRequired\":true,\"valueName\":\"search_term_string\"}}],\"inLanguage\":\"es\"},{\"@type\":\"Organization\",\"@id\":\"https:\\\/\\\/scarbroughglobal.com\\\/es\\\/#organization\",\"name\":\"Scarbrough Global\",\"url\":\"https:\\\/\\\/scarbroughglobal.com\\\/es\\\/\",\"logo\":{\"@type\":\"ImageObject\",\"inLanguage\":\"es\",\"@id\":\"https:\\\/\\\/scarbroughglobal.com\\\/es\\\/#\\\/schema\\\/logo\\\/image\\\/\",\"url\":\"https:\\\/\\\/scarbroughglobal.com\\\/wp-content\\\/uploads\\\/2021\\\/03\\\/Scarbrough_primary_color-2048x350-1.png\",\"contentUrl\":\"https:\\\/\\\/scarbroughglobal.com\\\/wp-content\\\/uploads\\\/2021\\\/03\\\/Scarbrough_primary_color-2048x350-1.png\",\"width\":2048,\"height\":350,\"caption\":\"Scarbrough Global\"},\"image\":{\"@id\":\"https:\\\/\\\/scarbroughglobal.com\\\/es\\\/#\\\/schema\\\/logo\\\/image\\\/\"}}]}<\/script>\n<!-- \/ Yoast SEO plugin. -->","yoast_head_json":{"title":"Recursos - Scarbrough Global","description":"Explore nuestras herramientas de env\u00edo, oportunidades de formaci\u00f3n y otros recursos para equipar su operaci\u00f3n en pro de la eficiencia de la cadena de suministro.","robots":{"index":"index","follow":"follow","max-snippet":"max-snippet:-1","max-image-preview":"max-image-preview:large","max-video-preview":"max-video-preview:-1"},"canonical":"https:\/\/scarbroughglobal.com\/es\/recursos\/","og_locale":"es_ES","og_type":"article","og_title":"Recursos - Scarbrough Global","og_description":"Explore nuestras herramientas de env\u00edo, oportunidades de formaci\u00f3n y otros recursos para equipar su operaci\u00f3n en pro de la eficiencia de la cadena de suministro.","og_url":"https:\/\/scarbroughglobal.com\/es\/recursos\/","og_site_name":"Scarbrough Global","twitter_card":"summary_large_image","schema":{"@context":"https:\/\/schema.org","@graph":[{"@type":"WebPage","@id":"https:\/\/scarbroughglobal.com\/es\/recursos\/","url":"https:\/\/scarbroughglobal.com\/es\/recursos\/","name":"Recursos - Scarbrough Global","isPartOf":{"@id":"https:\/\/scarbroughglobal.com\/es\/#website"},"datePublished":"2021-01-26T16:38:44+00:00","description":"Explore nuestras herramientas de env\u00edo, oportunidades de formaci\u00f3n y otros recursos para equipar su operaci\u00f3n en pro de la eficiencia de la cadena de suministro.","breadcrumb":{"@id":"https:\/\/scarbroughglobal.com\/es\/recursos\/#breadcrumb"},"inLanguage":"es","potentialAction":[{"@type":"ReadAction","target":["https:\/\/scarbroughglobal.com\/es\/recursos\/"]}]},{"@type":"BreadcrumbList","@id":"https:\/\/scarbroughglobal.com\/es\/recursos\/#breadcrumb","itemListElement":[{"@type":"ListItem","position":1,"name":"Home","item":"https:\/\/scarbroughglobal.com\/es\/inicio\/"},{"@type":"ListItem","position":2,"name":"Recursos"}]},{"@type":"WebSite","@id":"https:\/\/scarbroughglobal.com\/es\/#website","url":"https:\/\/scarbroughglobal.com\/es\/","name":"Scarbrough Global","description":"","publisher":{"@id":"https:\/\/scarbroughglobal.com\/es\/#organization"},"potentialAction":[{"@type":"SearchAction","target":{"@type":"EntryPoint","urlTemplate":"https:\/\/scarbroughglobal.com\/es\/?s={search_term_string}"},"query-input":{"@type":"PropertyValueSpecification","valueRequired":true,"valueName":"search_term_string"}}],"inLanguage":"es"},{"@type":"Organization","@id":"https:\/\/scarbroughglobal.com\/es\/#organization","name":"Scarbrough Global","url":"https:\/\/scarbroughglobal.com\/es\/","logo":{"@type":"ImageObject","inLanguage":"es","@id":"https:\/\/scarbroughglobal.com\/es\/#\/schema\/logo\/image\/","url":"https:\/\/scarbroughglobal.com\/wp-content\/uploads\/2021\/03\/Scarbrough_primary_color-2048x350-1.png","contentUrl":"https:\/\/scarbroughglobal.com\/wp-content\/uploads\/2021\/03\/Scarbrough_primary_color-2048x350-1.png","width":2048,"height":350,"caption":"Scarbrough Global"},"image":{"@id":"https:\/\/scarbroughglobal.com\/es\/#\/schema\/logo\/image\/"}}]}},"_links":{"self":[{"href":"https:\/\/scarbroughglobal.com\/es\/wp-json\/wp\/v2\/pages\/36836","targetHints":{"allow":["GET"]}}],"collection":[{"href":"https:\/\/scarbroughglobal.com\/es\/wp-json\/wp\/v2\/pages"}],"about":[{"href":"https:\/\/scarbroughglobal.com\/es\/wp-json\/wp\/v2\/types\/page"}],"author":[{"embeddable":true,"href":"https:\/\/scarbroughglobal.com\/es\/wp-json\/wp\/v2\/users\/22"}],"replies":[{"embeddable":true,"href":"https:\/\/scarbroughglobal.com\/es\/wp-json\/wp\/v2\/comments?post=36836"}],"version-history":[{"count":0,"href":"https:\/\/scarbroughglobal.com\/es\/wp-json\/wp\/v2\/pages\/36836\/revisions"}],"wp:attachment":[{"href":"https:\/\/scarbroughglobal.com\/es\/wp-json\/wp\/v2\/media?parent=36836"}],"curies":[{"name":"wp","href":"https:\/\/api.w.org\/{rel}","templated":true}]}}