{"id":36845,"date":"2021-01-28T00:42:49","date_gmt":"2021-01-28T00:42:49","guid":{"rendered":"https:\/\/scarbroughglobal.com\/recursos\/perspectivas\/"},"modified":"2021-01-28T00:42:49","modified_gmt":"2021-01-28T00:42:49","slug":"perspectivas","status":"publish","type":"page","link":"https:\/\/scarbroughglobal.com\/es\/recursos\/perspectivas\/","title":{"rendered":"Perspectivas"},"content":{"rendered":"<p>Scarbrough Global se enorgullece de proporcionar las herramientas y perspectivas que nuestros socios necesitan para alcanzar el \u00e9xito. Explore nuestras herramientas de env\u00edo, oportunidades de formaci\u00f3n y otros recursos para equipar su operaci\u00f3n en pro de la eficiencia de la cadena de suministro.<\/p>\n<p>La log\u00edstica global es un \u00e1mbito amplio y complejo, con una buena cantidad de terminolog\u00eda del sector que asimilar. En <a href=\"https:\/\/thescarbroughgroup.com\/\" target=\"_blank\" rel=\"noopener\">Scarbrough Group<\/a>, nos dedicamos a ayudar a nuestros socios a comprender el amplio espectro del lenguaje de la cadena de suministro. Utilice estas perspectivas para conocer algunos de los acr\u00f3nimos, expresiones y jerga m\u00e1s habituales del sector.  <\/p>\n<p><img decoding=\"async\" class=\"alignnone wp-image-32246 size-thumbnail\" src=\"https:\/\/thescarbroughgroup.com\/wp-content\/uploads\/2021\/09\/Scarbrough_mark_color-150x150.png\" alt=\"Perspectivas de Scarbrough Group\" width=\"150\" height=\"150\"><\/p>\n","protected":false},"excerpt":{"rendered":"<p>Scarbrough Global se enorgullece de proporcionar las herramientas y perspectivas que nuestros socios necesitan para alcanzar el \u00e9xito. Explore nuestras&#8230; <a href=\"https:\/\/scarbroughglobal.com\/es\/recursos\/perspectivas\/\">Read More<\/a><\/p>\n","protected":false},"author":22,"featured_media":0,"parent":36836,"menu_order":2,"comment_status":"closed","ping_status":"closed","template":"","meta":{"_acf_changed":false,"content-type":"","inline_featured_image":false,"_price":"","_stock":"","_tribe_ticket_header":"","_tribe_default_ticket_provider":"","_tribe_ticket_capacity":"","_ticket_start_date":"","_ticket_end_date":"","_tribe_ticket_show_description":"","_tribe_ticket_show_not_going":false,"_tribe_ticket_use_global_stock":"","_tribe_ticket_global_stock_level":"","_global_stock_mode":"","_global_stock_cap":"","_tribe_rsvp_for_event":"","_tribe_ticket_going_count":"","_tribe_ticket_not_going_count":"","_tribe_tickets_list":"[]","_tribe_ticket_has_attendee_info_fields":false,"_themeisle_gutenberg_block_has_review":false,"footnotes":""},"class_list":["post-36845","page","type-page","status-publish","hentry"],"acf":[],"yoast_head":"<!-- This site is optimized with the Yoast SEO plugin v27.5 - https:\/\/yoast.com\/product\/yoast-seo-wordpress\/ -->\n<title>Perspectivas - Espere m\u00e1s\u2122 de su proveedor log\u00edstico.<\/title>\n<meta name=\"description\" content=\"La log\u00edstica global es un \u00e1mbito amplio y complejo, con una buena cantidad de terminolog\u00eda del sector que asimilar. Utilice las perspectivas de Scarbrough Global como gu\u00eda.\" \/>\n<meta name=\"robots\" content=\"index, follow, max-snippet:-1, max-image-preview:large, max-video-preview:-1\" \/>\n<link rel=\"canonical\" href=\"https:\/\/scarbroughglobal.com\/es\/recursos\/perspectivas\/\" \/>\n<meta property=\"og:locale\" content=\"es_ES\" \/>\n<meta property=\"og:type\" content=\"article\" \/>\n<meta property=\"og:title\" content=\"Perspectivas - Espere m\u00e1s\u2122 de su proveedor log\u00edstico.\" \/>\n<meta property=\"og:description\" content=\"La log\u00edstica global es un \u00e1mbito amplio y complejo, con una buena cantidad de terminolog\u00eda del sector que asimilar. Utilice las perspectivas de Scarbrough Global como gu\u00eda.\" \/>\n<meta property=\"og:url\" content=\"https:\/\/scarbroughglobal.com\/es\/recursos\/perspectivas\/\" \/>\n<meta property=\"og:site_name\" content=\"Scarbrough Global\" \/>\n<meta property=\"og:image\" content=\"https:\/\/scarbroughglobal.com\/wp-content\/uploads\/2021\/09\/Scarbrough_mark_color.png\" \/>\n\t<meta property=\"og:image:width\" content=\"993\" \/>\n\t<meta property=\"og:image:height\" content=\"914\" \/>\n\t<meta property=\"og:image:type\" content=\"image\/png\" \/>\n<meta name=\"twitter:card\" content=\"summary_large_image\" \/>\n<meta name=\"twitter:label1\" content=\"Tiempo de lectura\" \/>\n\t<meta name=\"twitter:data1\" content=\"1 minuto\" \/>\n<script type=\"application\/ld+json\" class=\"yoast-schema-graph\">{\"@context\":\"https:\\\/\\\/schema.org\",\"@graph\":[{\"@type\":\"WebPage\",\"@id\":\"https:\\\/\\\/scarbroughglobal.com\\\/es\\\/recursos\\\/perspectivas\\\/\",\"url\":\"https:\\\/\\\/scarbroughglobal.com\\\/es\\\/recursos\\\/perspectivas\\\/\",\"name\":\"Perspectivas - Espere m\u00e1s\u2122 de su proveedor log\u00edstico.\",\"isPartOf\":{\"@id\":\"https:\\\/\\\/scarbroughglobal.com\\\/es\\\/#website\"},\"primaryImageOfPage\":{\"@id\":\"https:\\\/\\\/scarbroughglobal.com\\\/es\\\/recursos\\\/perspectivas\\\/#primaryimage\"},\"image\":{\"@id\":\"https:\\\/\\\/scarbroughglobal.com\\\/es\\\/recursos\\\/perspectivas\\\/#primaryimage\"},\"thumbnailUrl\":\"https:\\\/\\\/thescarbroughgroup.com\\\/wp-content\\\/uploads\\\/2021\\\/09\\\/Scarbrough_mark_color-150x150.png\",\"datePublished\":\"2021-01-28T00:42:49+00:00\",\"description\":\"La log\u00edstica global es un \u00e1mbito amplio y complejo, con una buena cantidad de terminolog\u00eda del sector que asimilar. Utilice las perspectivas de Scarbrough Global como gu\u00eda.\",\"breadcrumb\":{\"@id\":\"https:\\\/\\\/scarbroughglobal.com\\\/es\\\/recursos\\\/perspectivas\\\/#breadcrumb\"},\"inLanguage\":\"es\",\"potentialAction\":[{\"@type\":\"ReadAction\",\"target\":[\"https:\\\/\\\/scarbroughglobal.com\\\/es\\\/recursos\\\/perspectivas\\\/\"]}]},{\"@type\":\"ImageObject\",\"inLanguage\":\"es\",\"@id\":\"https:\\\/\\\/scarbroughglobal.com\\\/es\\\/recursos\\\/perspectivas\\\/#primaryimage\",\"url\":\"https:\\\/\\\/thescarbroughgroup.com\\\/wp-content\\\/uploads\\\/2021\\\/09\\\/Scarbrough_mark_color-150x150.png\",\"contentUrl\":\"https:\\\/\\\/thescarbroughgroup.com\\\/wp-content\\\/uploads\\\/2021\\\/09\\\/Scarbrough_mark_color-150x150.png\"},{\"@type\":\"BreadcrumbList\",\"@id\":\"https:\\\/\\\/scarbroughglobal.com\\\/es\\\/recursos\\\/perspectivas\\\/#breadcrumb\",\"itemListElement\":[{\"@type\":\"ListItem\",\"position\":1,\"name\":\"Home\",\"item\":\"https:\\\/\\\/scarbroughglobal.com\\\/es\\\/inicio\\\/\"},{\"@type\":\"ListItem\",\"position\":2,\"name\":\"Recursos\",\"item\":\"https:\\\/\\\/scarbroughglobal.com\\\/es\\\/recursos\\\/\"},{\"@type\":\"ListItem\",\"position\":3,\"name\":\"Perspectivas\"}]},{\"@type\":\"WebSite\",\"@id\":\"https:\\\/\\\/scarbroughglobal.com\\\/es\\\/#website\",\"url\":\"https:\\\/\\\/scarbroughglobal.com\\\/es\\\/\",\"name\":\"Scarbrough Global\",\"description\":\"\",\"publisher\":{\"@id\":\"https:\\\/\\\/scarbroughglobal.com\\\/es\\\/#organization\"},\"potentialAction\":[{\"@type\":\"SearchAction\",\"target\":{\"@type\":\"EntryPoint\",\"urlTemplate\":\"https:\\\/\\\/scarbroughglobal.com\\\/es\\\/?s={search_term_string}\"},\"query-input\":{\"@type\":\"PropertyValueSpecification\",\"valueRequired\":true,\"valueName\":\"search_term_string\"}}],\"inLanguage\":\"es\"},{\"@type\":\"Organization\",\"@id\":\"https:\\\/\\\/scarbroughglobal.com\\\/es\\\/#organization\",\"name\":\"Scarbrough Global\",\"url\":\"https:\\\/\\\/scarbroughglobal.com\\\/es\\\/\",\"logo\":{\"@type\":\"ImageObject\",\"inLanguage\":\"es\",\"@id\":\"https:\\\/\\\/scarbroughglobal.com\\\/es\\\/#\\\/schema\\\/logo\\\/image\\\/\",\"url\":\"https:\\\/\\\/scarbroughglobal.com\\\/wp-content\\\/uploads\\\/2021\\\/03\\\/Scarbrough_primary_color-2048x350-1.png\",\"contentUrl\":\"https:\\\/\\\/scarbroughglobal.com\\\/wp-content\\\/uploads\\\/2021\\\/03\\\/Scarbrough_primary_color-2048x350-1.png\",\"width\":2048,\"height\":350,\"caption\":\"Scarbrough Global\"},\"image\":{\"@id\":\"https:\\\/\\\/scarbroughglobal.com\\\/es\\\/#\\\/schema\\\/logo\\\/image\\\/\"}}]}<\/script>\n<!-- \/ Yoast SEO plugin. -->","yoast_head_json":{"title":"Perspectivas - Espere m\u00e1s\u2122 de su proveedor log\u00edstico.","description":"La log\u00edstica global es un \u00e1mbito amplio y complejo, con una buena cantidad de terminolog\u00eda del sector que asimilar. Utilice las perspectivas de Scarbrough Global como gu\u00eda.","robots":{"index":"index","follow":"follow","max-snippet":"max-snippet:-1","max-image-preview":"max-image-preview:large","max-video-preview":"max-video-preview:-1"},"canonical":"https:\/\/scarbroughglobal.com\/es\/recursos\/perspectivas\/","og_locale":"es_ES","og_type":"article","og_title":"Perspectivas - Espere m\u00e1s\u2122 de su proveedor log\u00edstico.","og_description":"La log\u00edstica global es un \u00e1mbito amplio y complejo, con una buena cantidad de terminolog\u00eda del sector que asimilar. Utilice las perspectivas de Scarbrough Global como gu\u00eda.","og_url":"https:\/\/scarbroughglobal.com\/es\/recursos\/perspectivas\/","og_site_name":"Scarbrough Global","og_image":[{"width":993,"height":914,"url":"https:\/\/scarbroughglobal.com\/wp-content\/uploads\/2021\/09\/Scarbrough_mark_color.png","type":"image\/png"}],"twitter_card":"summary_large_image","twitter_misc":{"Tiempo de lectura":"1 minuto"},"schema":{"@context":"https:\/\/schema.org","@graph":[{"@type":"WebPage","@id":"https:\/\/scarbroughglobal.com\/es\/recursos\/perspectivas\/","url":"https:\/\/scarbroughglobal.com\/es\/recursos\/perspectivas\/","name":"Perspectivas - Espere m\u00e1s\u2122 de su proveedor log\u00edstico.","isPartOf":{"@id":"https:\/\/scarbroughglobal.com\/es\/#website"},"primaryImageOfPage":{"@id":"https:\/\/scarbroughglobal.com\/es\/recursos\/perspectivas\/#primaryimage"},"image":{"@id":"https:\/\/scarbroughglobal.com\/es\/recursos\/perspectivas\/#primaryimage"},"thumbnailUrl":"https:\/\/thescarbroughgroup.com\/wp-content\/uploads\/2021\/09\/Scarbrough_mark_color-150x150.png","datePublished":"2021-01-28T00:42:49+00:00","description":"La log\u00edstica global es un \u00e1mbito amplio y complejo, con una buena cantidad de terminolog\u00eda del sector que asimilar. Utilice las perspectivas de Scarbrough Global como gu\u00eda.","breadcrumb":{"@id":"https:\/\/scarbroughglobal.com\/es\/recursos\/perspectivas\/#breadcrumb"},"inLanguage":"es","potentialAction":[{"@type":"ReadAction","target":["https:\/\/scarbroughglobal.com\/es\/recursos\/perspectivas\/"]}]},{"@type":"ImageObject","inLanguage":"es","@id":"https:\/\/scarbroughglobal.com\/es\/recursos\/perspectivas\/#primaryimage","url":"https:\/\/thescarbroughgroup.com\/wp-content\/uploads\/2021\/09\/Scarbrough_mark_color-150x150.png","contentUrl":"https:\/\/thescarbroughgroup.com\/wp-content\/uploads\/2021\/09\/Scarbrough_mark_color-150x150.png"},{"@type":"BreadcrumbList","@id":"https:\/\/scarbroughglobal.com\/es\/recursos\/perspectivas\/#breadcrumb","itemListElement":[{"@type":"ListItem","position":1,"name":"Home","item":"https:\/\/scarbroughglobal.com\/es\/inicio\/"},{"@type":"ListItem","position":2,"name":"Recursos","item":"https:\/\/scarbroughglobal.com\/es\/recursos\/"},{"@type":"ListItem","position":3,"name":"Perspectivas"}]},{"@type":"WebSite","@id":"https:\/\/scarbroughglobal.com\/es\/#website","url":"https:\/\/scarbroughglobal.com\/es\/","name":"Scarbrough Global","description":"","publisher":{"@id":"https:\/\/scarbroughglobal.com\/es\/#organization"},"potentialAction":[{"@type":"SearchAction","target":{"@type":"EntryPoint","urlTemplate":"https:\/\/scarbroughglobal.com\/es\/?s={search_term_string}"},"query-input":{"@type":"PropertyValueSpecification","valueRequired":true,"valueName":"search_term_string"}}],"inLanguage":"es"},{"@type":"Organization","@id":"https:\/\/scarbroughglobal.com\/es\/#organization","name":"Scarbrough Global","url":"https:\/\/scarbroughglobal.com\/es\/","logo":{"@type":"ImageObject","inLanguage":"es","@id":"https:\/\/scarbroughglobal.com\/es\/#\/schema\/logo\/image\/","url":"https:\/\/scarbroughglobal.com\/wp-content\/uploads\/2021\/03\/Scarbrough_primary_color-2048x350-1.png","contentUrl":"https:\/\/scarbroughglobal.com\/wp-content\/uploads\/2021\/03\/Scarbrough_primary_color-2048x350-1.png","width":2048,"height":350,"caption":"Scarbrough Global"},"image":{"@id":"https:\/\/scarbroughglobal.com\/es\/#\/schema\/logo\/image\/"}}]}},"_links":{"self":[{"href":"https:\/\/scarbroughglobal.com\/es\/wp-json\/wp\/v2\/pages\/36845","targetHints":{"allow":["GET"]}}],"collection":[{"href":"https:\/\/scarbroughglobal.com\/es\/wp-json\/wp\/v2\/pages"}],"about":[{"href":"https:\/\/scarbroughglobal.com\/es\/wp-json\/wp\/v2\/types\/page"}],"author":[{"embeddable":true,"href":"https:\/\/scarbroughglobal.com\/es\/wp-json\/wp\/v2\/users\/22"}],"replies":[{"embeddable":true,"href":"https:\/\/scarbroughglobal.com\/es\/wp-json\/wp\/v2\/comments?post=36845"}],"version-history":[{"count":0,"href":"https:\/\/scarbroughglobal.com\/es\/wp-json\/wp\/v2\/pages\/36845\/revisions"}],"up":[{"embeddable":true,"href":"https:\/\/scarbroughglobal.com\/es\/wp-json\/wp\/v2\/pages\/36836"}],"wp:attachment":[{"href":"https:\/\/scarbroughglobal.com\/es\/wp-json\/wp\/v2\/media?parent=36845"}],"curies":[{"name":"wp","href":"https:\/\/api.w.org\/{rel}","templated":true}]}}